{"id":111,"date":"2017-10-24T19:45:05","date_gmt":"2017-10-24T19:45:05","guid":{"rendered":"http:\/\/test.nikolaus-kapelle-doerflas.de\/?page_id=111"},"modified":"2018-03-02T16:50:26","modified_gmt":"2018-03-02T16:50:26","slug":"satzung","status":"publish","type":"page","link":"https:\/\/nikolaus-kapelle-doerflas.de\/?page_id=111","title":{"rendered":"Satzung"},"content":{"rendered":"<p><b><span style=\"font-size: 16pt;\"><span style=\"color: red;\">Satzung des F\u00f6rdervereins Nikolauskapelle D\u00f6rflas e.V.<\/span><\/span><\/b><\/p>\n<p><a id=\"P1\" name=\"P1\"><\/a><b><span style=\"color: green;\">\u00a7 1 Name und Sitz<\/span><\/b><\/p>\n<p>(1) Der Verein f\u00fchrt den Namen &#8222;F\u00f6rderverein Nikolauskapelle<br \/>\nD\u00f6rflas e.V.&#8220; Er ist in das Vereinsregister einzutragen.<\/p>\n<p>(2) Sitz des Vereins ist der Ortsteil D\u00f6rflas der Gemeinde Crispendorf.<\/p>\n<p><b><span style=\"color: green;\"><a id=\"P2\" name=\"P2\"><\/a>\u00a7 2 Zweck des Vereins<\/span><\/b><\/p>\n<p>Zweck des Vereins ist die F\u00f6rderung der Denkmalpflege. Der Satzungszweck<br \/>\nwird verwirklicht durch die F\u00f6rderung und Erhaltung der Nikolauskapelle<br \/>\nD\u00f6rflas und ihrer gesamten Au\u00dfenanlagen.<\/p>\n<p><b><span style=\"color: green;\"><a id=\"P3\" name=\"P3\"><\/a>\u00a7 3 Gemeinn\u00fctzigkeit<\/span><\/b><\/p>\n<p>Der Verein verfolgt ausschlie\u00dflich und unmittelbar gemeinn\u00fctzige<br \/>\nZwecke im Sinne des Abschnittes &#8222;Steuerbeg\u00fcnstigte Zwecke&#8220; der<br \/>\nAbgabenordnung. Der Verein ist selbstlos t\u00e4tig, er verfolgt nicht in erster<br \/>\nLinie eigenwirtschaftliche Zwecke. Mittel des Vereins d\u00fcrfen nur f\u00fcr<br \/>\ndie satzungsm\u00e4\u00dfigen Zwecke verwendet werden.<\/p>\n<p>Die Mitglieder erhalten keine Zuwendungen aus Mitteln des Vereins. Es darf<br \/>\nkeine Person durch Ausgaben, die dem Zweck des Vereins fremd sind, oder durch<br \/>\nunverh\u00e4ltnism\u00e4\u00dfig hohe Verg\u00fctungen beg\u00fcnstigt werden.<\/p>\n<p><b><span style=\"color: green;\"><a id=\"P4\" name=\"P4\"><\/a>\u00a7 4 Gesch\u00e4ftsjahr<\/span><\/b><\/p>\n<p>Gesch\u00e4ftsjahr des Vereins ist das Kalenderjahr.<\/p>\n<p><b><span style=\"color: green;\"><a id=\"P5\" name=\"P5\"><\/a>\u00a7 5 Mitgliedschaft<\/span><\/b><\/p>\n<p>(1) Mitglied des Vereins kann jede nat\u00fcrliche Person und jede juristische<br \/>\nPerson des privaten und \u00f6ffentlichen Rechts werden.<\/p>\n<p>(2) \u00dcber den schriftlichen Antrag entscheidet der Vorstand. Die Mitgliedschaft<br \/>\nwird erworben durch die Aush\u00e4ndigung einer Mitgliedskarte.<\/p>\n<p>(3) Die Mitgliedschaft endet<\/p>\n<ol type=\"1\">\n<li type=\"a\">mit dem Tod des Mitglieds<\/li>\n<li type=\"a\">durch schriftliche Austrittserkl\u00e4rung, gerichtet an ein<br \/>\nVorstandsmitglied; sie ist nur zum Schluss eines Kalenderjahres unter Einhaltung<br \/>\neiner K\u00fcndigungsfrist von 3 Monaten zul\u00e4ssig.<\/li>\n<li type=\"a\">durch Ausschluss aus dem Verein.<\/li>\n<\/ol>\n<p>(4) Ein Mitglied, das in erheblichem Ma\u00df gegen die Vereinsinteressen<br \/>\nversto\u00dfen hat, kann durch Beschluss des Vorstandes aus dem Verein ausgeschlossen<br \/>\nwerden. Vor dem Ausschluss ist das betroffene Mitglied pers\u00f6nlich oder<br \/>\nschriftlich zu h\u00f6ren. Die Entscheidung \u00fcber den Ausschluss ist schriftlich<br \/>\nzu begr\u00fcnden und dem Mitglied mit Einschreiben gegen R\u00fcckschein zuzustellen.<br \/>\nDer Betroffene kann innerhalb einer Frist von einem Monat ab Zugang schriftlich<br \/>\nBerufung beim Vorstand einlegen.\u00dcber die Berufung entscheidet die Mitgliederversammlung.<br \/>\nMacht das Mitglied vom Recht der Berufung innerhalb der Frist keinen Gebrauch,<br \/>\nunterwirft es sich dem Ausschlie\u00dfungsbeschlu\u00df.<\/p>\n<p><b><span style=\"color: green;\"><a id=\"P6\" name=\"P6\"><\/a>\u00a7 6 Organe<\/span><\/b><\/p>\n<p>Die Organe des Vereins sind<\/p>\n<ol type=\"1\">\n<li>Der Vorstand<\/li>\n<li>Die Mitgliederversammlung<\/li>\n<\/ol>\n<p><b><span style=\"color: green;\"><a id=\"P7\" name=\"P7\"><\/a>\u00a7 7 Der Vorstand<\/span><\/b><\/p>\n<p>(1) Der Vorstand des Vereins besteht aus dem 1. Vorsitzenden und dem 2. Vorsitzenden<br \/>\nsowie dem Kassenwart und dem Schriftf\u00fchrer. Der Verein wird gerichtlich<br \/>\nund au\u00dfergerichtlich durch einen der beiden Vorsitzenden vertreten.<\/p>\n<p>(2) Der Vorstand wird von der Mitgliederversammlung auf die Dauer von 3 Jahren<br \/>\ngew\u00e4hlt. Er bleibt solange im Amt bis eine Neuwahl erfolgt. Scheidet ein<br \/>\nMitglied des Vorstandes w\u00e4hrend der Amtsperiode aus, w\u00e4hlt der Vorstand<br \/>\nein Ersatzmitglied f\u00fcr den Rest der Amtsdauer des ausscheidenden Vorstandsmitgliedes.<\/p>\n<p><b><span style=\"color: green;\"><a id=\"P8\" name=\"P8\"><\/a>\u00a7 8 Die Mitgliederversammlung<\/span><\/b><\/p>\n<p>(1) \u00a0Die Mitgliederversammlung ist mindestens j\u00e4hrlich vom 1. Vorsitzenden<br \/>\nunter Einhaltung einer Ladungsfrist von 2 Wochen durch pers\u00f6nliche Einladung<br \/>\nmittels Brief einzuberufen. \u00a0Dabei ist die vom Vorstand festgesetzte Tagesordnung<br \/>\nmitzuteilen.<\/p>\n<p>(2) Die Mitgliederversammlung hat insbesondere folgende Aufgaben:<\/p>\n<ol type=\"a\">\n<li>Genehmigung des Haushaltsplanes f\u00fcr das kommende Gesch\u00e4ftsjahr,<\/li>\n<li>Entgegennahme des Rechenschaftsberichtes des Vorstandes und dessen Entlastung,<\/li>\n<li>Festsetzung der H\u00f6he des Mitgliedsbeitrages,<\/li>\n<li>Beschl\u00fcsse \u00fcber Satzungs\u00e4nderungen und Vereinsaufl\u00f6sung<\/li>\n<\/ol>\n<p>(3) Der Vorstand hat unverz\u00fcglich eine Mitgliederversammlung einzuberufen,<br \/>\nwenn das Vereinsinteresse es erfordert oder wenn mindestens 20 % der Mitglieder<br \/>\ndie Einberufung schriftlich und unter Angabe des Zwecks und der Gr\u00fcnde<br \/>\nfordern.<\/p>\n<p>(4) \u00dcber die Beschl\u00fcsse der Mitgliederversammlung ist ein Protokoll<br \/>\nanzufertigen, das vom Versammlungsleiter und dem Protokollf\u00fchrer zu unterzeichnen<br \/>\nist.<\/p>\n<p><b><span style=\"color: green;\"><a id=\"P9\" name=\"P9\"><\/a>\u00a7 9 Die Mitgliedsbeitr\u00e4ge<\/span><\/b><\/p>\n<p>Die Mitgliedsbeitr\u00e4ge sind Jahresbeitr\u00e4ge und jeweils am 1. Januar<br \/>\neines Jahres f\u00fcr das laufende Jahr f\u00e4llig. \u00dcber die H\u00f6he<br \/>\ndes Beitrages entscheidet die Mitgliederversammlung.<\/p>\n<p><b><span style=\"color: green;\"><a id=\"P10\" name=\"P10\"><\/a>\u00a7 10 Aufl\u00f6sung des Vereins<br \/>\nund Anfall des Vereinsverm\u00f6gens<\/span><\/b><\/p>\n<p>Bei Aufl\u00f6sung des Vereins oder bei Wegfall steuerbeg\u00fcnstigter Zwecke<br \/>\nist das Verm\u00f6gen steuerbeg\u00fcnstigter Zwecken zu verwenden. Beschl\u00fcsse<br \/>\n\u00fcber die k\u00fcnftige Verwendung d\u00fcrfen erst nach Einwilligung des<br \/>\nFinanzamtes ausgef\u00fchrt werden.<\/p>\n<p><b>Diese Satzung wurde auf der Gr\u00fcndungsversammlung am 20.11.2001 beschlossen.<\/b><\/p>\n<p align=\"center\"><a id=\"P11\" name=\"P11\"><\/a><a href=\"http:\/\/test.nikolaus-kapelle-doerflas.de\/wp-content\/uploads\/2017\/12\/satzung.doc\"><b>&lt;Download der<br \/>\nSatzung als Word-Dokument&gt;<\/b><\/a><\/p>\n<p align=\"center\">\n","protected":false},"excerpt":{"rendered":"<p>Satzung des F\u00f6rdervereins Nikolauskapelle D\u00f6rflas e.V. \u00a7 1 Name und Sitz (1) Der Verein f\u00fchrt den Namen &#8222;F\u00f6rderverein Nikolauskapelle D\u00f6rflas e.V.&#8220; Er ist in das Vereinsregister einzutragen. (2) Sitz des Vereins ist der Ortsteil D\u00f6rflas der Gemeinde Crispendorf. \u00a7 2 Zweck des Vereins Zweck des Vereins ist die F\u00f6rderung der Denkmalpflege. Der Satzungszweck wird verwirklicht<\/p>\n<p class=\"more-link\"><a href=\"https:\/\/nikolaus-kapelle-doerflas.de\/?page_id=111\" class=\"themebutton2\">Read More<\/a><\/p>\n","protected":false},"author":3,"featured_media":0,"parent":0,"menu_order":0,"comment_status":"closed","ping_status":"closed","template":"","meta":{"_mc_calendar":[],"footnotes":""},"categories":[],"tags":[],"class_list":["post-111","page","type-page","status-publish","hentry"],"_links":{"self":[{"href":"https:\/\/nikolaus-kapelle-doerflas.de\/index.php?rest_route=\/wp\/v2\/pages\/111","targetHints":{"allow":["GET"]}}],"collection":[{"href":"https:\/\/nikolaus-kapelle-doerflas.de\/index.php?rest_route=\/wp\/v2\/pages"}],"about":[{"href":"https:\/\/nikolaus-kapelle-doerflas.de\/index.php?rest_route=\/wp\/v2\/types\/page"}],"author":[{"embeddable":true,"href":"https:\/\/nikolaus-kapelle-doerflas.de\/index.php?rest_route=\/wp\/v2\/users\/3"}],"replies":[{"embeddable":true,"href":"https:\/\/nikolaus-kapelle-doerflas.de\/index.php?rest_route=%2Fwp%2Fv2%2Fcomments&post=111"}],"version-history":[{"count":2,"href":"https:\/\/nikolaus-kapelle-doerflas.de\/index.php?rest_route=\/wp\/v2\/pages\/111\/revisions"}],"predecessor-version":[{"id":704,"href":"https:\/\/nikolaus-kapelle-doerflas.de\/index.php?rest_route=\/wp\/v2\/pages\/111\/revisions\/704"}],"wp:attachment":[{"href":"https:\/\/nikolaus-kapelle-doerflas.de\/index.php?rest_route=%2Fwp%2Fv2%2Fmedia&parent=111"}],"wp:term":[{"taxonomy":"category","embeddable":true,"href":"https:\/\/nikolaus-kapelle-doerflas.de\/index.php?rest_route=%2Fwp%2Fv2%2Fcategories&post=111"},{"taxonomy":"post_tag","embeddable":true,"href":"https:\/\/nikolaus-kapelle-doerflas.de\/index.php?rest_route=%2Fwp%2Fv2%2Ftags&post=111"}],"curies":[{"name":"wp","href":"https:\/\/api.w.org\/{rel}","templated":true}]}}