{"id":68,"date":"2017-10-23T18:39:06","date_gmt":"2017-10-23T18:39:06","guid":{"rendered":"http:\/\/test.nikolaus-kapelle-doerflas.de\/?page_id=68"},"modified":"2022-05-02T18:35:53","modified_gmt":"2022-05-02T18:35:53","slug":"geschichte-der-nikolaus-kapelle-doerflas","status":"publish","type":"page","link":"https:\/\/nikolaus-kapelle-doerflas.de\/?page_id=68","title":{"rendered":"Geschichte"},"content":{"rendered":"<p align=\"center\"><span style=\"color: black;\">\u00a0<\/span><\/p>\n<p><img loading=\"lazy\" decoding=\"async\" class=\"wp-image-69 size-medium aligncenter\" src=\"https:\/\/nikolaus-kapelle-doerflas.de\/wp-content\/uploads\/2017\/10\/2008_0002-300x204.jpg\" alt=\"\" width=\"300\" height=\"204\" srcset=\"https:\/\/nikolaus-kapelle-doerflas.de\/wp-content\/uploads\/2017\/10\/2008_0002-300x204.jpg 300w, https:\/\/nikolaus-kapelle-doerflas.de\/wp-content\/uploads\/2017\/10\/2008_0002.jpg 581w\" sizes=\"auto, (max-width: 300px) 100vw, 300px\" \/><\/p>\n<p><span style=\"font-size: 14pt; color: #298436;\"><strong>14. Jahrhundert<\/strong><\/span><br \/>\n<span style=\"font-size: 14pt; color: #298436;\">erstmalige Erw\u00e4hnung des Rittergutes D\u00f6rflas<\/span><\/p>\n<p><span style=\"color: #298436;\"><strong><span style=\"font-size: 14pt;\">1916<\/span><\/strong><\/span><br \/>\n<span style=\"font-size: 14pt; color: #298436;\">Erwerb des Rittergutes durch die Fabrikantenfamilie Wetzel aus Gera<\/span><\/p>\n<p><span style=\"color: #298436;\"><strong><span style=\"font-size: 14pt;\">1935<\/span><\/strong><\/span><br \/>\n<span style=\"font-size: 14pt; color: #298436;\">Bau der Gutskapelle als Nachbau der Trinitatiskirche in Gera<\/span><\/p>\n<p><span style=\"color: #298436;\"><strong><span style=\"font-size: 14pt;\">1945<\/span><\/strong><\/span><br \/>\n<span style=\"font-size: 14pt; color: #298436;\">Im Zuge der Bodenreform geht die Kapelle aus dem Privatbesitz in das Eigentum der Kirchengemeinde Crispendorf \u00fcber.<\/span><\/p>\n<p><span style=\"color: #298436;\"><strong><span style=\"font-size: 14pt;\">1948<\/span><\/strong><\/span><br \/>\n<span style=\"font-size: 14pt; color: #298436;\">Weitgehende Zerst\u00f6rung des Rittergutes durch fanatische Anh\u00e4nger der kommunistischen Bewegung in Ostdeutschland, wobei die abseits gelegene Kapelle gl\u00fccklicherweise verschont wurde.<\/span><\/p>\n<p><span style=\"color: #298436;\"><strong><span style=\"font-size: 14pt;\">1998 bis 1999<\/span><\/strong><\/span><br \/>\n<span style=\"font-size: 14pt; color: #298436;\">gr\u00fcndliche Innen- und Au\u00dfenrenovierung der Kapelle durch eine Initiativgruppe in bewundernswerter Eigenleistung<\/span><\/p>\n<p><span style=\"color: #298436;\"><strong><span style=\"font-size: 14pt;\">Fr\u00fchjahr 1999<\/span><\/strong><\/span><br \/>\n<span style=\"font-size: 14pt; color: #298436;\">Schaffung der Nikolausfigur durch die Holzbildhauerin Katrin Gentsch<\/span><\/p>\n<p><span style=\"color: #298436;\"><strong><span style=\"font-size: 14pt;\">Pfingstmontag 1999<\/span><\/strong><\/span><br \/>\n<span style=\"font-size: 14pt; color: #298436;\">Weihung der Gutskapelle auf den Namen des Bischofs Nikolaus<\/span><\/p>\n<p><span style=\"color: #298436;\"><strong><span style=\"font-size: 14pt;\">Dezember 2002<\/span><\/strong><\/span><br \/>\n<span style=\"font-size: 14pt; color: #298436;\">Sonderpr\u00e4gung des Weihnachtstalers der Kreissparkasse Saale-Orla mit dem Motiv der Nikolauskapelle<\/span><\/p>\n<p><span style=\"color: #298436;\"><strong><span style=\"font-size: 14pt;\">M\u00e4rz 2004<\/span><\/strong><\/span><br \/>\n<span style=\"font-size: 14pt; color: #298436;\">Die Nikolaus-Kapelle ist unter der Adresse &#8222;https:\/\/nikolaus-kapelle-doerflas.de&#8220; online im Internet vertreten.<\/span><\/p>\n<p><span style=\"color: #298436;\"><strong><span style=\"font-size: 14pt;\">2006<\/span><\/strong><\/span><br \/>\n<span style=\"font-size: 14pt; color: #298436;\">Anschaffung der neuen elektronischen Orgel mit 24 Registern, 2 Manualen und Pedal &#8211; erworben von der Firma Ahlborn \/ W\u00fcrttemberg<\/span><\/p>\n<p><span style=\"font-size: 14pt; color: #298436;\"><strong>Dezember 2010<\/strong><br \/>\nIn einem Wettbewerb des Mitteldeutschen Rundfunks (MDR) innerhalb der Aktion &#8222;Schwefelh\u00f6lzchen&#8220; geht die Kapelle als Sieger unter 30 Bewerbern aus den drei Bundesl\u00e4ndern Sachsen, Sachsen-Anhalt und Th\u00fcringen hervor und erringt den Titel &#8222;Kleinste Kirche Mitteldeutschlands&#8220;.<\/span><\/p>\n<p><span style=\"font-size: 14pt; color: #298436;\"><strong>Februar 2019<\/strong><br \/>\nErnennung des langj\u00e4hrigen Vorsitzenden Klaus Herden zum Ehrenvorsitzenden des F\u00f6rdervereins<br \/>\n<\/span><\/p>\n<style type=\"text\/css\">\n#foogallery-gallery-413.fg-masonry .fg-item { width: 150px; }\n#foogallery-gallery-413.fg-masonry { --fg-gutter: 10px; }<\/style>\n\t\t\t<div class=\"foogallery foogallery-container foogallery-masonry foogallery-lightbox-foobox fg-masonry fg-ready fg-light fg-border-thin fg-shadow-outline fg-loading-default fg-loaded-fade-in fg-hover-scale fg-caption-hover fg-hover-fade fg-hover-zoom fg-fixed\" id=\"foogallery-gallery-413\" data-foogallery=\"{&quot;item&quot;:{&quot;showCaptionTitle&quot;:true,&quot;showCaptionDescription&quot;:true},&quot;lazy&quot;:false,&quot;src&quot;:&quot;src&quot;,&quot;srcset&quot;:&quot;srcset&quot;,&quot;template&quot;:{&quot;columnWidth&quot;:150,&quot;gutter&quot;:10}}\" style=\"--fg-title-line-clamp: 0; --fg-description-line-clamp: 0;\" >\n\t\t<div class=\"fg-item fg-type-image fg-loaded\"><figure class=\"fg-item-inner\"><a href=\"https:\/\/nikolaus-kapelle-doerflas.de\/wp-content\/uploads\/2017\/10\/zeitung1g.jpg\" data-caption-title=\"Zeitungsartikel aus dem Jahre 1935\" data-attachment-id=\"75\" data-type=\"image\" class=\"fg-thumb\"><span class=\"fg-image-wrap\"><img decoding=\"async\" src=\"https:\/\/nikolaus-kapelle-doerflas.de\/wp-content\/uploads\/cache\/2017\/10\/zeitung1g\/2804438193.jpg\" title=\"Zeitungsartikel aus dem Jahre 1935\" width=\"150\" height=\"109\" class=\"skip-lazy fg-image\" loading=\"eager\"><\/span><span class=\"fg-image-overlay\"><\/span><\/a><figcaption class=\"fg-caption\"><div class=\"fg-caption-inner\"><div class=\"fg-caption-title\">Zeitungsartikel aus dem Jahre 1935<\/div><\/div><\/figcaption><\/figure><div class=\"fg-loader\"><\/div><\/div><div class=\"fg-item fg-type-image fg-loaded\"><figure class=\"fg-item-inner\"><a href=\"https:\/\/nikolaus-kapelle-doerflas.de\/wp-content\/uploads\/2017\/10\/wappen.jpg\" data-caption-title=\"Wappen der Familie Wetzel\" data-attachment-id=\"74\" data-type=\"image\" class=\"fg-thumb\"><span class=\"fg-image-wrap\"><img decoding=\"async\" src=\"https:\/\/nikolaus-kapelle-doerflas.de\/wp-content\/uploads\/cache\/2017\/10\/wappen\/3875868448.jpg\" title=\"Wappen der Familie Wetzel\" width=\"150\" height=\"184\" class=\"skip-lazy fg-image\" loading=\"eager\"><\/span><span class=\"fg-image-overlay\"><\/span><\/a><figcaption class=\"fg-caption\"><div class=\"fg-caption-inner\"><div class=\"fg-caption-title\">Wappen der Familie Wetzel<\/div><\/div><\/figcaption><\/figure><div class=\"fg-loader\"><\/div><\/div><div class=\"fg-item fg-type-image fg-loaded\"><figure class=\"fg-item-inner\"><a href=\"https:\/\/nikolaus-kapelle-doerflas.de\/wp-content\/uploads\/2017\/10\/schrift.jpg\" data-caption-title=\"Schriftz\u00fcge des Erbauers Karl-Wilhelm\n Wetzel   (1936)\" data-attachment-id=\"73\" data-type=\"image\" class=\"fg-thumb\"><span class=\"fg-image-wrap\"><img decoding=\"async\" src=\"https:\/\/nikolaus-kapelle-doerflas.de\/wp-content\/uploads\/cache\/2017\/10\/schrift\/2899233011.jpg\" title=\"Schriftz\u00fcge des Erbauers Karl-Wilhelm\n Wetzel   (1936)\" width=\"150\" height=\"91\" class=\"skip-lazy fg-image\" loading=\"eager\"><\/span><span class=\"fg-image-overlay\"><\/span><\/a><figcaption class=\"fg-caption\"><div class=\"fg-caption-inner\"><div class=\"fg-caption-title\">Schriftz\u00fcge des Erbauers Karl-Wilhelm\n Wetzel   (1936)<\/div><\/div><\/figcaption><\/figure><div class=\"fg-loader\"><\/div><\/div><div class=\"fg-item fg-type-image fg-loaded\"><figure class=\"fg-item-inner\"><a href=\"https:\/\/nikolaus-kapelle-doerflas.de\/wp-content\/uploads\/2017\/10\/rohbau.jpg\" data-caption-title=\"Richtfest Ende September 1935\" data-attachment-id=\"72\" data-type=\"image\" class=\"fg-thumb\"><span class=\"fg-image-wrap\"><img decoding=\"async\" src=\"https:\/\/nikolaus-kapelle-doerflas.de\/wp-content\/uploads\/cache\/2017\/10\/rohbau\/3507948905.jpg\" title=\"Richtfest Ende September 1935\" width=\"150\" height=\"109\" class=\"skip-lazy fg-image\" loading=\"eager\"><\/span><span class=\"fg-image-overlay\"><\/span><\/a><figcaption class=\"fg-caption\"><div class=\"fg-caption-inner\"><div class=\"fg-caption-title\">Richtfest Ende September 1935<\/div><\/div><\/figcaption><\/figure><div class=\"fg-loader\"><\/div><\/div><div class=\"fg-item fg-type-image fg-loaded\"><figure class=\"fg-item-inner\"><a href=\"https:\/\/nikolaus-kapelle-doerflas.de\/wp-content\/uploads\/2017\/10\/Pict0004.jpg\" data-attachment-id=\"71\" data-type=\"image\" class=\"fg-thumb\"><span class=\"fg-image-wrap\"><img decoding=\"async\" src=\"https:\/\/nikolaus-kapelle-doerflas.de\/wp-content\/uploads\/cache\/2017\/10\/Pict0004\/1991408945.jpg\" width=\"150\" height=\"149\" class=\"skip-lazy fg-image\" loading=\"eager\"><\/span><span class=\"fg-image-overlay\"><\/span><\/a><\/figure><div class=\"fg-loader\"><\/div><\/div><div class=\"fg-item fg-type-image fg-loaded\"><figure class=\"fg-item-inner\"><a href=\"https:\/\/nikolaus-kapelle-doerflas.de\/wp-content\/uploads\/2017\/10\/gut.jpg\" data-caption-title=\"das 1948 abgerissene Herrenhaus\" data-attachment-id=\"70\" data-type=\"image\" class=\"fg-thumb\"><span class=\"fg-image-wrap\"><img decoding=\"async\" src=\"https:\/\/nikolaus-kapelle-doerflas.de\/wp-content\/uploads\/cache\/2017\/10\/gut\/3346767019.jpg\" title=\"das 1948 abgerissene Herrenhaus\" width=\"150\" height=\"108\" class=\"skip-lazy fg-image\" loading=\"eager\"><\/span><span class=\"fg-image-overlay\"><\/span><\/a><figcaption class=\"fg-caption\"><div class=\"fg-caption-inner\"><div class=\"fg-caption-title\">das 1948 abgerissene Herrenhaus<\/div><\/div><\/figcaption><\/figure><div class=\"fg-loader\"><\/div><\/div><\/div>\n","protected":false},"excerpt":{"rendered":"<p>\u00a0 14. Jahrhundert erstmalige Erw\u00e4hnung des Rittergutes D\u00f6rflas 1916 Erwerb des Rittergutes durch die Fabrikantenfamilie Wetzel aus Gera 1935 Bau der Gutskapelle als Nachbau der Trinitatiskirche in Gera 1945 Im Zuge der Bodenreform geht die Kapelle aus dem Privatbesitz in das Eigentum der Kirchengemeinde Crispendorf \u00fcber. 1948 Weitgehende Zerst\u00f6rung des Rittergutes durch fanatische Anh\u00e4nger der<\/p>\n<p class=\"more-link\"><a href=\"https:\/\/nikolaus-kapelle-doerflas.de\/?page_id=68\" class=\"themebutton2\">Read More<\/a><\/p>\n","protected":false},"author":3,"featured_media":0,"parent":0,"menu_order":0,"comment_status":"closed","ping_status":"closed","template":"","meta":{"_mc_calendar":[],"footnotes":""},"categories":[],"tags":[],"class_list":["post-68","page","type-page","status-publish","hentry"],"_links":{"self":[{"href":"https:\/\/nikolaus-kapelle-doerflas.de\/index.php?rest_route=\/wp\/v2\/pages\/68","targetHints":{"allow":["GET"]}}],"collection":[{"href":"https:\/\/nikolaus-kapelle-doerflas.de\/index.php?rest_route=\/wp\/v2\/pages"}],"about":[{"href":"https:\/\/nikolaus-kapelle-doerflas.de\/index.php?rest_route=\/wp\/v2\/types\/page"}],"author":[{"embeddable":true,"href":"https:\/\/nikolaus-kapelle-doerflas.de\/index.php?rest_route=\/wp\/v2\/users\/3"}],"replies":[{"embeddable":true,"href":"https:\/\/nikolaus-kapelle-doerflas.de\/index.php?rest_route=%2Fwp%2Fv2%2Fcomments&post=68"}],"version-history":[{"count":15,"href":"https:\/\/nikolaus-kapelle-doerflas.de\/index.php?rest_route=\/wp\/v2\/pages\/68\/revisions"}],"predecessor-version":[{"id":1755,"href":"https:\/\/nikolaus-kapelle-doerflas.de\/index.php?rest_route=\/wp\/v2\/pages\/68\/revisions\/1755"}],"wp:attachment":[{"href":"https:\/\/nikolaus-kapelle-doerflas.de\/index.php?rest_route=%2Fwp%2Fv2%2Fmedia&parent=68"}],"wp:term":[{"taxonomy":"category","embeddable":true,"href":"https:\/\/nikolaus-kapelle-doerflas.de\/index.php?rest_route=%2Fwp%2Fv2%2Fcategories&post=68"},{"taxonomy":"post_tag","embeddable":true,"href":"https:\/\/nikolaus-kapelle-doerflas.de\/index.php?rest_route=%2Fwp%2Fv2%2Ftags&post=68"}],"curies":[{"name":"wp","href":"https:\/\/api.w.org\/{rel}","templated":true}]}}