{"id":82,"date":"2017-10-23T18:55:46","date_gmt":"2017-10-23T18:55:46","guid":{"rendered":"http:\/\/test.nikolaus-kapelle-doerflas.de\/?page_id=82"},"modified":"2020-04-19T12:45:03","modified_gmt":"2020-04-19T12:45:03","slug":"sankt-nikolaus","status":"publish","type":"page","link":"https:\/\/nikolaus-kapelle-doerflas.de\/?page_id=82","title":{"rendered":"St. Nikolaus"},"content":{"rendered":"<p align=\"center\"><span style=\"color: #298436;\"><b><span style=\"font-size: 16pt;\">\u00a0 Informationen zum Namensgeber<br \/>\nder Kapelle in D\u00f6rflas<\/span><\/b><\/span><\/p>\n<p><span style=\"color: #298436;\"><span style=\"font-size: 16pt;\"><img loading=\"lazy\" decoding=\"async\" class=\"alignleft wp-image-950 size-medium\" src=\"https:\/\/nikolaus-kapelle-doerflas.de\/wp-content\/uploads\/2018\/08\/ikone-241x300.jpg\" alt=\"Nikolausikone - gemalt von Frau Pastorin Kern\" width=\"241\" height=\"300\" srcset=\"https:\/\/nikolaus-kapelle-doerflas.de\/wp-content\/uploads\/2018\/08\/ikone-241x300.jpg 241w, https:\/\/nikolaus-kapelle-doerflas.de\/wp-content\/uploads\/2018\/08\/ikone.jpg 307w\" sizes=\"auto, (max-width: 241px) 100vw, 241px\" \/><\/span><span style=\"font-size: 14pt;\">Historisch gesichert ist, dass Nikolaus von Myra im dritten bis\u00a0vierten Jahrhundert nach Christus \u00a0in Kleinasien\u00a0 lebte, geboren zwischen 270 und 286 in Patara. Sein Vater hie\u00df Euphemius, seine Mutter Anna. Sie waren beg\u00fctert, wohlt\u00e4tig und lebten dem Sohn das Christsein\u00a0 vor. Es war die Zeit der letzten Christenverfolgungen. Sein Onkel Nikolaus (der \u00c4ltere) war vor ihm ebenfalls\u00a0Bischof in Myra. Er weihte ihn zum Priester. Seine\u00a0Eltern starben beide an einer Pestepidemie. Sein geerbtes Verm\u00f6gen teilte Nikolaus\u00a0 unter die Armen. Nach dem Tod seines Onkels pilgerte Nikolaus ins Heilige Land.\u00a0 Er wollte an den Orten, wo Jesus gelebt hatte, beten und sich in der Einsamkeit\u00a0 auf seine n\u00e4chsten Aufgaben vorbereiten. Als er zur\u00fcckkam rief ihn das Kirchenvolk\u00a0 zum Bischof von Myra aus.<\/span><sup id=\"cite_ref-1\" class=\"reference\"><\/sup><\/span><\/p>\n<p><span style=\"color: #298436; font-size: 14pt;\">In\u00a0der letzten Christenverfolgung um 310 unter dem Kaiser Galerius wurde Nikolaus eingesperrt und misshandelt. Es wird berichtet, dass er Spuren von diesen Misshandlungen an sich trug. Er bekam den Beinamen \u201eder Bekenner\u201c.\u00a0Wahrscheinlich war er auch auf dem gro\u00dfen Konzil von Nic\u00e4a dabei, auf dem vor allem die Fragen um die Trinit\u00e4t Gottes behandelt wurden.<\/span><\/p>\n<p><span style=\"color: #298436; font-size: 14pt;\">In der ersten Christenheit wurde nicht der Geburtstag, sondern der Todestag gefeiert, die Heimkehr zu Gott. Nikolaus Todestag war ein Freitag, der 6.Dezember. Man hat errechnet, dass im Jahr 345 der 6. Dezember auf einen Freitag gefallen ist. Je nach\u00a0Quelle werden auch \u00a0der 6.12. 326, der 6.12.351 oder der 6.12.365 als Todesdatum angegeben.<sup id=\"cite_ref-1\" class=\"reference\"><\/sup><\/span><\/p>\n<p><span style=\"color: #298436; font-size: 14pt;\">Seine Verehrung, die auf vielen seiner guten Taten beruhte, wird ab dem 6. Jhd. in Kleinasien bezeugt. In den slawischen L\u00e4ndern, besonders in Russland, wird er als Hauptheiliger verehrt. 1087 wurden seine Gebeine von Myra nach Bari in Unteritalien gebracht. Dort wurde f\u00fcr ihn eine eigene Kirche gebaut. Seitdem wurde er auch in den westeurop\u00e4ischen L\u00e4ndern und in Deutschland verehrt. Im Mittelalter galt<br \/>\ner auch u. a. als der Patron der Reisenden.<\/span><\/p>\n<p><span style=\"color: #298436; font-size: 14pt;\">Zum Denkmaltag 2007 \u00fcbergab Frau Pastorin Kern aus N\u00fcrnberg eine von ihr selbst gemalte Nikolausikone. Ikonen sind Fenster zum Himmel. Evangelische Christen beten Ikonen nicht an. Sie lernen von fr\u00fcher lebenden herausragenden Christen, wie christlicher Glaube sich im Alltag bew\u00e4hren kann.<\/span><\/p>\n<p align=\"left\"><span style=\"color: #298436; font-size: 14pt;\">\u00a0Ein wunderbares Kleinod verdanken wir Herrn Klaus Springer aus Schleiz: In m\u00fchevoller Kleinarbeit erstellte er ein ma\u00dfstabgerechtes Modell der Kapelle.<\/span><\/p>\n<p align=\"left\"><span style=\"color: #000000; font-size: 14pt;\">\u00a0<img loading=\"lazy\" decoding=\"async\" class=\"alignnone wp-image-951 \" src=\"https:\/\/nikolaus-kapelle-doerflas.de\/wp-content\/uploads\/2018\/08\/2008_0004-300x215.jpg\" alt=\"Modell der Kirche - gebaut von Herrn Klaus Springer\" width=\"555\" height=\"397\" srcset=\"https:\/\/nikolaus-kapelle-doerflas.de\/wp-content\/uploads\/2018\/08\/2008_0004-300x215.jpg 300w, https:\/\/nikolaus-kapelle-doerflas.de\/wp-content\/uploads\/2018\/08\/2008_0004.jpg 558w\" sizes=\"auto, (max-width: 555px) 100vw, 555px\" \/><\/span><\/p>\n<p align=\"left\"><span style=\"color: #000000;\">Quellen im Internet: <\/span><\/p>\n<p align=\"left\"><span style=\"color: #000000;\">Wikipedia: <a style=\"color: #000000;\" href=\"http:\/\/de.wikipedia.org\/wiki\/Nikolaus_von_Myra\" target=\"_blank\" rel=\"noopener noreferrer\">http:\/\/de.wikipedia.org\/wiki\/Nikolaus_von_Myra<\/a><\/span><\/p>\n","protected":false},"excerpt":{"rendered":"<p>\u00a0 Informationen zum Namensgeber der Kapelle in D\u00f6rflas Historisch gesichert ist, dass Nikolaus von Myra im dritten bis\u00a0vierten Jahrhundert nach Christus \u00a0in Kleinasien\u00a0 lebte, geboren zwischen 270 und 286 in Patara. Sein Vater hie\u00df Euphemius, seine Mutter Anna. Sie waren beg\u00fctert, wohlt\u00e4tig und lebten dem Sohn das Christsein\u00a0 vor. Es war die Zeit der letzten<\/p>\n<p class=\"more-link\"><a href=\"https:\/\/nikolaus-kapelle-doerflas.de\/?page_id=82\" class=\"themebutton2\">Read More<\/a><\/p>\n","protected":false},"author":3,"featured_media":0,"parent":0,"menu_order":0,"comment_status":"closed","ping_status":"closed","template":"","meta":{"_mc_calendar":[],"footnotes":""},"categories":[],"tags":[],"class_list":["post-82","page","type-page","status-publish","hentry"],"_links":{"self":[{"href":"https:\/\/nikolaus-kapelle-doerflas.de\/index.php?rest_route=\/wp\/v2\/pages\/82","targetHints":{"allow":["GET"]}}],"collection":[{"href":"https:\/\/nikolaus-kapelle-doerflas.de\/index.php?rest_route=\/wp\/v2\/pages"}],"about":[{"href":"https:\/\/nikolaus-kapelle-doerflas.de\/index.php?rest_route=\/wp\/v2\/types\/page"}],"author":[{"embeddable":true,"href":"https:\/\/nikolaus-kapelle-doerflas.de\/index.php?rest_route=\/wp\/v2\/users\/3"}],"replies":[{"embeddable":true,"href":"https:\/\/nikolaus-kapelle-doerflas.de\/index.php?rest_route=%2Fwp%2Fv2%2Fcomments&post=82"}],"version-history":[{"count":8,"href":"https:\/\/nikolaus-kapelle-doerflas.de\/index.php?rest_route=\/wp\/v2\/pages\/82\/revisions"}],"predecessor-version":[{"id":1447,"href":"https:\/\/nikolaus-kapelle-doerflas.de\/index.php?rest_route=\/wp\/v2\/pages\/82\/revisions\/1447"}],"wp:attachment":[{"href":"https:\/\/nikolaus-kapelle-doerflas.de\/index.php?rest_route=%2Fwp%2Fv2%2Fmedia&parent=82"}],"wp:term":[{"taxonomy":"category","embeddable":true,"href":"https:\/\/nikolaus-kapelle-doerflas.de\/index.php?rest_route=%2Fwp%2Fv2%2Fcategories&post=82"},{"taxonomy":"post_tag","embeddable":true,"href":"https:\/\/nikolaus-kapelle-doerflas.de\/index.php?rest_route=%2Fwp%2Fv2%2Ftags&post=82"}],"curies":[{"name":"wp","href":"https:\/\/api.w.org\/{rel}","templated":true}]}}