{"id":88,"date":"2017-10-23T19:06:57","date_gmt":"2017-10-23T19:06:57","guid":{"rendered":"http:\/\/test.nikolaus-kapelle-doerflas.de\/?page_id=88"},"modified":"2024-11-11T18:31:53","modified_gmt":"2024-11-11T18:31:53","slug":"foerderverein","status":"publish","type":"page","link":"https:\/\/nikolaus-kapelle-doerflas.de\/?page_id=88","title":{"rendered":"F\u00f6rderverein"},"content":{"rendered":"<p><span style=\"font-size: 16pt;\"><span style=\"color: black;\"><img loading=\"lazy\" decoding=\"async\" class=\"wp-image-90 alignleft\" src=\"https:\/\/www.nikolaus-kapelle-doerflas.de\/wp-content\/uploads\/2017\/10\/Pict0002-1-300x227.jpg\" alt=\"\" width=\"528\" height=\"399\" srcset=\"https:\/\/nikolaus-kapelle-doerflas.de\/wp-content\/uploads\/2017\/10\/Pict0002-1-300x227.jpg 300w, https:\/\/nikolaus-kapelle-doerflas.de\/wp-content\/uploads\/2017\/10\/Pict0002-1.jpg 630w\" sizes=\"auto, (max-width: 528px) 100vw, 528px\" \/><strong>Der F\u00f6rderverein<br \/>\nder Nikolauskapelle D\u00f6rflas<\/strong><\/span><\/span><\/p>\n<p><b><span style=\"font-size: 12pt;\"><span style=\"color: black;\">Unter dem Namen &#8222;F\u00f6rderverein Nikolauskapelle D\u00f6rflas e.V.&#8220; haben sich engagierte Freunde der Kapelle zusammen mit dem jetzigen Ehrenvorsitzenden des Vereins Klaus Herden, Pastor i.R.,\u00a0 zusammengefunden, um dieses Kleinod inmitten des sch\u00f6nen Saale-Orla-Kreises der Nachwelt zu erhalten. Unter dem ersten Vorsitzenden Adelbert Martin und dessen Stellvertreter Hans-Peter Pasold setzen sie sich auch weiterhin f\u00fcr den Erhalt und die Pflege der kleinsten Kirche Mitteldeutschlands ein.<br \/>\n<\/span><\/span><\/b><\/p>\n<p><span style=\"font-size: 12pt;\"><span style=\"color: black;\"><strong>Falls Sie die Satzung<\/strong>\u00a0<strong> und den Mitgliedsbeitrag von derzeit 12 \u20ac pro Jahr akzeptieren, k\u00f6nnen auch Sie Mitglied werden. Laden Sie dazu bitte den Aufnahmeantrag herunter und schicken Sie ihn nach dem Ausf\u00fcllen, und nachdem Sie ihn eigenh\u00e4ndig unterschrieben haben, an:<\/strong><\/span><\/span><\/p>\n<p><b><span style=\"font-size: 12pt;\"><span style=\"color: black;\">F\u00f6rderverein der Nikolauskapelle D\u00f6rflas e.V.<\/span><\/span><\/b><\/p>\n<p><b><span style=\"font-size: 12pt;\"><span style=\"color: black;\"><b>z.Hd. <\/b><strong>Hans Peter Pasold <\/span><\/span><\/b><\/p>\n<p><b><span style=\"font-size: 12pt;\"><span style=\"color: black;\"><strong>Umspannwerkstr. 12, 07368 Remptendorf<\/span><\/span><\/b><\/p>\n<p align=\"center\"><b><span style=\"font-size: 12pt;\"><span style=\"color: white;\">\u00a0<\/span><\/span><\/b><\/p>\n","protected":false},"excerpt":{"rendered":"<p>Der F\u00f6rderverein der Nikolauskapelle D\u00f6rflas Unter dem Namen &#8222;F\u00f6rderverein Nikolauskapelle D\u00f6rflas e.V.&#8220; haben sich engagierte Freunde der Kapelle zusammen mit dem jetzigen Ehrenvorsitzenden des Vereins Klaus Herden, Pastor i.R.,\u00a0 zusammengefunden, um dieses Kleinod inmitten des sch\u00f6nen Saale-Orla-Kreises der Nachwelt zu erhalten. Unter dem ersten Vorsitzenden Adelbert Martin und dessen Stellvertreter Hans-Peter Pasold setzen sie sich<\/p>\n<p class=\"more-link\"><a href=\"https:\/\/nikolaus-kapelle-doerflas.de\/?page_id=88\" class=\"themebutton2\">Read More<\/a><\/p>\n","protected":false},"author":3,"featured_media":0,"parent":0,"menu_order":0,"comment_status":"closed","ping_status":"closed","template":"","meta":{"_mc_calendar":[],"footnotes":""},"categories":[],"tags":[],"class_list":["post-88","page","type-page","status-publish","hentry"],"_links":{"self":[{"href":"https:\/\/nikolaus-kapelle-doerflas.de\/index.php?rest_route=\/wp\/v2\/pages\/88","targetHints":{"allow":["GET"]}}],"collection":[{"href":"https:\/\/nikolaus-kapelle-doerflas.de\/index.php?rest_route=\/wp\/v2\/pages"}],"about":[{"href":"https:\/\/nikolaus-kapelle-doerflas.de\/index.php?rest_route=\/wp\/v2\/types\/page"}],"author":[{"embeddable":true,"href":"https:\/\/nikolaus-kapelle-doerflas.de\/index.php?rest_route=\/wp\/v2\/users\/3"}],"replies":[{"embeddable":true,"href":"https:\/\/nikolaus-kapelle-doerflas.de\/index.php?rest_route=%2Fwp%2Fv2%2Fcomments&post=88"}],"version-history":[{"count":20,"href":"https:\/\/nikolaus-kapelle-doerflas.de\/index.php?rest_route=\/wp\/v2\/pages\/88\/revisions"}],"predecessor-version":[{"id":2262,"href":"https:\/\/nikolaus-kapelle-doerflas.de\/index.php?rest_route=\/wp\/v2\/pages\/88\/revisions\/2262"}],"wp:attachment":[{"href":"https:\/\/nikolaus-kapelle-doerflas.de\/index.php?rest_route=%2Fwp%2Fv2%2Fmedia&parent=88"}],"wp:term":[{"taxonomy":"category","embeddable":true,"href":"https:\/\/nikolaus-kapelle-doerflas.de\/index.php?rest_route=%2Fwp%2Fv2%2Fcategories&post=88"},{"taxonomy":"post_tag","embeddable":true,"href":"https:\/\/nikolaus-kapelle-doerflas.de\/index.php?rest_route=%2Fwp%2Fv2%2Ftags&post=88"}],"curies":[{"name":"wp","href":"https:\/\/api.w.org\/{rel}","templated":true}]}}